{"id":7600,"date":"2026-01-28T21:51:05","date_gmt":"2026-01-28T21:51:05","guid":{"rendered":"https:\/\/moxx.be\/realisations\/60-1-marke\/"},"modified":"2026-02-03T13:19:19","modified_gmt":"2026-02-03T13:19:19","slug":"60-1-marke","status":"publish","type":"page","link":"https:\/\/moxx.be\/fr\/realisations\/60-1-marke\/","title":{"rendered":"60.1 Marke"},"content":{"rendered":"\t\t<div data-elementor-type=\"wp-page\" data-elementor-id=\"7600\" class=\"elementor elementor-7600 elementor-7494\" data-elementor-post-type=\"page\">\n\t\t\t\t\t\t<section class=\"elementor-section elementor-top-section elementor-element elementor-element-6018ebdd elementor-section-content-middle elementor-section-boxed elementor-section-height-default elementor-section-height-default wpr-particle-no wpr-jarallax-no wpr-parallax-no wpr-sticky-section-no\" data-id=\"6018ebdd\" data-element_type=\"section\">\n\t\t\t\t\t\t<div class=\"elementor-container elementor-column-gap-no\">\n\t\t\t\t\t<div class=\"elementor-column elementor-col-50 elementor-top-column elementor-element elementor-element-700811a6\" data-id=\"700811a6\" data-element_type=\"column\">\n\t\t\t<div class=\"elementor-widget-wrap elementor-element-populated\">\n\t\t\t\t\t\t<div class=\"elementor-element elementor-element-648688e elementor-widget elementor-widget-text-editor\" data-id=\"648688e\" data-element_type=\"widget\" data-widget_type=\"text-editor.default\">\n\t\t\t\t<div class=\"elementor-widget-container\">\n\t\t\t\t\t\t\t\t\t<h1><b>MOXX 60.1 Marke<br><\/b><\/h1>\t\t\t\t\t\t\t\t<\/div>\n\t\t\t\t<\/div>\n\t\t\t\t\t<\/div>\n\t\t<\/div>\n\t\t\t\t<div class=\"elementor-column elementor-col-50 elementor-top-column elementor-element elementor-element-2d1896e7\" data-id=\"2d1896e7\" data-element_type=\"column\">\n\t\t\t<div class=\"elementor-widget-wrap elementor-element-populated\">\n\t\t\t\t\t\t<div class=\"elementor-element elementor-element-36bd8209 elementor-widget elementor-widget-text-editor\" data-id=\"36bd8209\" data-element_type=\"widget\" data-widget_type=\"text-editor.default\">\n\t\t\t\t<div class=\"elementor-widget-container\">\n\t\t\t\t\t\t\t\t\t<p>Nous avons construit \u00e0 Marke un MOXX de 60 m\u00b2 qui sert de mod\u00e8le de d\u00e9monstration dans notre parc de d\u00e9monstration. Venez d\u00e9couvrir notre module life sur rendez-vous.<\/p>\t\t\t\t\t\t\t\t<\/div>\n\t\t\t\t<\/div>\n\t\t\t\t\t<\/div>\n\t\t<\/div>\n\t\t\t\t\t<\/div>\n\t\t<\/section>\n\t\t\t\t<section class=\"elementor-section elementor-top-section elementor-element elementor-element-318d401f elementor-section-boxed elementor-section-height-default elementor-section-height-default wpr-particle-no wpr-jarallax-no wpr-parallax-no wpr-sticky-section-no\" data-id=\"318d401f\" data-element_type=\"section\">\n\t\t\t\t\t\t<div class=\"elementor-container elementor-column-gap-no\">\n\t\t\t\t\t<div class=\"elementor-column elementor-col-100 elementor-top-column elementor-element elementor-element-5eeb220b\" data-id=\"5eeb220b\" data-element_type=\"column\">\n\t\t\t<div class=\"elementor-widget-wrap elementor-element-populated\">\n\t\t\t\t\t\t<div class=\"elementor-element elementor-element-477f74a elementor-arrows-position-inside elementor-widget elementor-widget-image-carousel\" data-id=\"477f74a\" data-element_type=\"widget\" data-settings=\"{&quot;image_spacing_custom&quot;:{&quot;unit&quot;:&quot;px&quot;,&quot;size&quot;:40,&quot;sizes&quot;:[]},&quot;slides_to_show&quot;:&quot;2&quot;,&quot;slides_to_scroll&quot;:&quot;1&quot;,&quot;navigation&quot;:&quot;arrows&quot;,&quot;autoplay&quot;:&quot;yes&quot;,&quot;pause_on_hover&quot;:&quot;yes&quot;,&quot;pause_on_interaction&quot;:&quot;yes&quot;,&quot;autoplay_speed&quot;:5000,&quot;infinite&quot;:&quot;yes&quot;,&quot;speed&quot;:500,&quot;image_spacing_custom_tablet&quot;:{&quot;unit&quot;:&quot;px&quot;,&quot;size&quot;:&quot;&quot;,&quot;sizes&quot;:[]},&quot;image_spacing_custom_mobile&quot;:{&quot;unit&quot;:&quot;px&quot;,&quot;size&quot;:&quot;&quot;,&quot;sizes&quot;:[]}}\" data-widget_type=\"image-carousel.default\">\n\t\t\t\t<div class=\"elementor-widget-container\">\n\t\t\t\t\t\t\t<div class=\"elementor-image-carousel-wrapper swiper\" role=\"region\" aria-roledescription=\"carousel\" aria-label=\"Image Carousel\" dir=\"ltr\">\n\t\t\t<div class=\"elementor-image-carousel swiper-wrapper\" aria-live=\"off\">\n\t\t\t\t\t\t\t\t<div class=\"swiper-slide\" role=\"group\" aria-roledescription=\"slide\" aria-label=\"1 of 11\"><a data-elementor-open-lightbox=\"yes\" data-elementor-lightbox-slideshow=\"477f74a\" data-elementor-lightbox-title=\"IMG_8268\" data-e-action-hash=\"#elementor-action%3Aaction%3Dlightbox%26settings%3DeyJpZCI6NzU1NSwidXJsIjoiaHR0cHM6XC9cL21veHguYmVcL3dwLWNvbnRlbnRcL3VwbG9hZHNcLzIwMjZcLzAyXC9JTUdfODI2OC1zY2FsZWQuanBnIiwic2xpZGVzaG93IjoiNDc3Zjc0YSJ9\" href=\"https:\/\/moxx.be\/wp-content\/uploads\/2026\/02\/IMG_8268-scaled.jpg\"><figure class=\"swiper-slide-inner\"><img decoding=\"async\" class=\"swiper-slide-image\" src=\"https:\/\/moxx.be\/wp-content\/uploads\/2026\/02\/IMG_8268-768x576.jpg\" alt=\"IMG_8268\" \/><\/figure><\/a><\/div><div class=\"swiper-slide\" role=\"group\" aria-roledescription=\"slide\" aria-label=\"2 of 11\"><a data-elementor-open-lightbox=\"yes\" data-elementor-lightbox-slideshow=\"477f74a\" data-elementor-lightbox-title=\"f1ebecf7-5189-43db-8d0d-0c00a6f8dcb3\" data-e-action-hash=\"#elementor-action%3Aaction%3Dlightbox%26settings%3DeyJpZCI6NzQ5OCwidXJsIjoiaHR0cHM6XC9cL21veHguYmVcL3dwLWNvbnRlbnRcL3VwbG9hZHNcLzIwMjZcLzAxXC9mMWViZWNmNy01MTg5LTQzZGItOGQwZC0wYzAwYTZmOGRjYjMuanBnIiwic2xpZGVzaG93IjoiNDc3Zjc0YSJ9\" href=\"https:\/\/moxx.be\/wp-content\/uploads\/2026\/01\/f1ebecf7-5189-43db-8d0d-0c00a6f8dcb3.jpg\"><figure class=\"swiper-slide-inner\"><img decoding=\"async\" class=\"swiper-slide-image\" src=\"https:\/\/moxx.be\/wp-content\/uploads\/2026\/01\/f1ebecf7-5189-43db-8d0d-0c00a6f8dcb3-768x576.jpg\" alt=\"f1ebecf7-5189-43db-8d0d-0c00a6f8dcb3\" \/><\/figure><\/a><\/div><div class=\"swiper-slide\" role=\"group\" aria-roledescription=\"slide\" aria-label=\"3 of 11\"><a data-elementor-open-lightbox=\"yes\" data-elementor-lightbox-slideshow=\"477f74a\" data-elementor-lightbox-title=\"IMG_8258\" data-e-action-hash=\"#elementor-action%3Aaction%3Dlightbox%26settings%3DeyJpZCI6NzUzOSwidXJsIjoiaHR0cHM6XC9cL21veHguYmVcL3dwLWNvbnRlbnRcL3VwbG9hZHNcLzIwMjZcLzAyXC9JTUdfODI1OC1zY2FsZWQuanBnIiwic2xpZGVzaG93IjoiNDc3Zjc0YSJ9\" href=\"https:\/\/moxx.be\/wp-content\/uploads\/2026\/02\/IMG_8258-scaled.jpg\"><figure class=\"swiper-slide-inner\"><img decoding=\"async\" class=\"swiper-slide-image\" src=\"https:\/\/moxx.be\/wp-content\/uploads\/2026\/02\/IMG_8258-768x576.jpg\" alt=\"IMG_8258\" \/><\/figure><\/a><\/div><div class=\"swiper-slide\" role=\"group\" aria-roledescription=\"slide\" aria-label=\"4 of 11\"><a data-elementor-open-lightbox=\"yes\" data-elementor-lightbox-slideshow=\"477f74a\" data-elementor-lightbox-title=\"IMG_8259\" data-e-action-hash=\"#elementor-action%3Aaction%3Dlightbox%26settings%3DeyJpZCI6NzU0MSwidXJsIjoiaHR0cHM6XC9cL21veHguYmVcL3dwLWNvbnRlbnRcL3VwbG9hZHNcLzIwMjZcLzAyXC9JTUdfODI1OS1zY2FsZWQuanBnIiwic2xpZGVzaG93IjoiNDc3Zjc0YSJ9\" href=\"https:\/\/moxx.be\/wp-content\/uploads\/2026\/02\/IMG_8259-scaled.jpg\"><figure class=\"swiper-slide-inner\"><img decoding=\"async\" class=\"swiper-slide-image\" src=\"https:\/\/moxx.be\/wp-content\/uploads\/2026\/02\/IMG_8259-768x576.jpg\" alt=\"IMG_8259\" \/><\/figure><\/a><\/div><div class=\"swiper-slide\" role=\"group\" aria-roledescription=\"slide\" aria-label=\"5 of 11\"><a data-elementor-open-lightbox=\"yes\" data-elementor-lightbox-slideshow=\"477f74a\" data-elementor-lightbox-title=\"IMG_8260\" data-e-action-hash=\"#elementor-action%3Aaction%3Dlightbox%26settings%3DeyJpZCI6NzU0MywidXJsIjoiaHR0cHM6XC9cL21veHguYmVcL3dwLWNvbnRlbnRcL3VwbG9hZHNcLzIwMjZcLzAyXC9JTUdfODI2MC1zY2FsZWQuanBnIiwic2xpZGVzaG93IjoiNDc3Zjc0YSJ9\" href=\"https:\/\/moxx.be\/wp-content\/uploads\/2026\/02\/IMG_8260-scaled.jpg\"><figure class=\"swiper-slide-inner\"><img decoding=\"async\" class=\"swiper-slide-image\" src=\"https:\/\/moxx.be\/wp-content\/uploads\/2026\/02\/IMG_8260-768x576.jpg\" alt=\"IMG_8260\" \/><\/figure><\/a><\/div><div class=\"swiper-slide\" role=\"group\" aria-roledescription=\"slide\" aria-label=\"6 of 11\"><a data-elementor-open-lightbox=\"yes\" data-elementor-lightbox-slideshow=\"477f74a\" data-elementor-lightbox-title=\"IMG_8262\" data-e-action-hash=\"#elementor-action%3Aaction%3Dlightbox%26settings%3DeyJpZCI6NzU0NSwidXJsIjoiaHR0cHM6XC9cL21veHguYmVcL3dwLWNvbnRlbnRcL3VwbG9hZHNcLzIwMjZcLzAyXC9JTUdfODI2Mi1zY2FsZWQuanBnIiwic2xpZGVzaG93IjoiNDc3Zjc0YSJ9\" href=\"https:\/\/moxx.be\/wp-content\/uploads\/2026\/02\/IMG_8262-scaled.jpg\"><figure class=\"swiper-slide-inner\"><img decoding=\"async\" class=\"swiper-slide-image\" src=\"https:\/\/moxx.be\/wp-content\/uploads\/2026\/02\/IMG_8262-768x576.jpg\" alt=\"IMG_8262\" \/><\/figure><\/a><\/div><div class=\"swiper-slide\" role=\"group\" aria-roledescription=\"slide\" aria-label=\"7 of 11\"><a data-elementor-open-lightbox=\"yes\" data-elementor-lightbox-slideshow=\"477f74a\" data-elementor-lightbox-title=\"IMG_8263\" data-e-action-hash=\"#elementor-action%3Aaction%3Dlightbox%26settings%3DeyJpZCI6NzU0NywidXJsIjoiaHR0cHM6XC9cL21veHguYmVcL3dwLWNvbnRlbnRcL3VwbG9hZHNcLzIwMjZcLzAyXC9JTUdfODI2My1zY2FsZWQuanBnIiwic2xpZGVzaG93IjoiNDc3Zjc0YSJ9\" href=\"https:\/\/moxx.be\/wp-content\/uploads\/2026\/02\/IMG_8263-scaled.jpg\"><figure class=\"swiper-slide-inner\"><img decoding=\"async\" class=\"swiper-slide-image\" src=\"https:\/\/moxx.be\/wp-content\/uploads\/2026\/02\/IMG_8263-768x576.jpg\" alt=\"IMG_8263\" \/><\/figure><\/a><\/div><div class=\"swiper-slide\" role=\"group\" aria-roledescription=\"slide\" aria-label=\"8 of 11\"><a data-elementor-open-lightbox=\"yes\" data-elementor-lightbox-slideshow=\"477f74a\" data-elementor-lightbox-title=\"IMG_8264\" data-e-action-hash=\"#elementor-action%3Aaction%3Dlightbox%26settings%3DeyJpZCI6NzU0OSwidXJsIjoiaHR0cHM6XC9cL21veHguYmVcL3dwLWNvbnRlbnRcL3VwbG9hZHNcLzIwMjZcLzAyXC9JTUdfODI2NC1zY2FsZWQuanBnIiwic2xpZGVzaG93IjoiNDc3Zjc0YSJ9\" href=\"https:\/\/moxx.be\/wp-content\/uploads\/2026\/02\/IMG_8264-scaled.jpg\"><figure class=\"swiper-slide-inner\"><img decoding=\"async\" class=\"swiper-slide-image\" src=\"https:\/\/moxx.be\/wp-content\/uploads\/2026\/02\/IMG_8264-768x1024.jpg\" alt=\"IMG_8264\" \/><\/figure><\/a><\/div><div class=\"swiper-slide\" role=\"group\" aria-roledescription=\"slide\" aria-label=\"9 of 11\"><a data-elementor-open-lightbox=\"yes\" data-elementor-lightbox-slideshow=\"477f74a\" data-elementor-lightbox-title=\"IMG_8265\" data-e-action-hash=\"#elementor-action%3Aaction%3Dlightbox%26settings%3DeyJpZCI6NzU1MSwidXJsIjoiaHR0cHM6XC9cL21veHguYmVcL3dwLWNvbnRlbnRcL3VwbG9hZHNcLzIwMjZcLzAyXC9JTUdfODI2NS1zY2FsZWQuanBnIiwic2xpZGVzaG93IjoiNDc3Zjc0YSJ9\" href=\"https:\/\/moxx.be\/wp-content\/uploads\/2026\/02\/IMG_8265-scaled.jpg\"><figure class=\"swiper-slide-inner\"><img decoding=\"async\" class=\"swiper-slide-image\" src=\"https:\/\/moxx.be\/wp-content\/uploads\/2026\/02\/IMG_8265-768x1024.jpg\" alt=\"IMG_8265\" \/><\/figure><\/a><\/div><div class=\"swiper-slide\" role=\"group\" aria-roledescription=\"slide\" aria-label=\"10 of 11\"><a data-elementor-open-lightbox=\"yes\" data-elementor-lightbox-slideshow=\"477f74a\" data-elementor-lightbox-title=\"IMG_8266\" data-e-action-hash=\"#elementor-action%3Aaction%3Dlightbox%26settings%3DeyJpZCI6NzU1MywidXJsIjoiaHR0cHM6XC9cL21veHguYmVcL3dwLWNvbnRlbnRcL3VwbG9hZHNcLzIwMjZcLzAyXC9JTUdfODI2Ni1zY2FsZWQuanBnIiwic2xpZGVzaG93IjoiNDc3Zjc0YSJ9\" href=\"https:\/\/moxx.be\/wp-content\/uploads\/2026\/02\/IMG_8266-scaled.jpg\"><figure class=\"swiper-slide-inner\"><img decoding=\"async\" class=\"swiper-slide-image\" src=\"https:\/\/moxx.be\/wp-content\/uploads\/2026\/02\/IMG_8266-768x1024.jpg\" alt=\"IMG_8266\" \/><\/figure><\/a><\/div><div class=\"swiper-slide\" role=\"group\" aria-roledescription=\"slide\" aria-label=\"11 of 11\"><a data-elementor-open-lightbox=\"yes\" data-elementor-lightbox-slideshow=\"477f74a\" data-elementor-lightbox-title=\"IMG_8268\" data-e-action-hash=\"#elementor-action%3Aaction%3Dlightbox%26settings%3DeyJpZCI6NzU1NSwidXJsIjoiaHR0cHM6XC9cL21veHguYmVcL3dwLWNvbnRlbnRcL3VwbG9hZHNcLzIwMjZcLzAyXC9JTUdfODI2OC1zY2FsZWQuanBnIiwic2xpZGVzaG93IjoiNDc3Zjc0YSJ9\" href=\"https:\/\/moxx.be\/wp-content\/uploads\/2026\/02\/IMG_8268-scaled.jpg\"><figure class=\"swiper-slide-inner\"><img decoding=\"async\" class=\"swiper-slide-image\" src=\"https:\/\/moxx.be\/wp-content\/uploads\/2026\/02\/IMG_8268-768x576.jpg\" alt=\"IMG_8268\" \/><\/figure><\/a><\/div>\t\t\t<\/div>\n\t\t\t\t\t\t\t\t\t\t\t\t<div class=\"elementor-swiper-button elementor-swiper-button-prev\" role=\"button\" tabindex=\"0\">\n\t\t\t\t\t\t<i aria-hidden=\"true\" class=\"eicon-chevron-left\"><\/i>\t\t\t\t\t<\/div>\n\t\t\t\t\t<div class=\"elementor-swiper-button elementor-swiper-button-next\" role=\"button\" tabindex=\"0\">\n\t\t\t\t\t\t<i aria-hidden=\"true\" class=\"eicon-chevron-right\"><\/i>\t\t\t\t\t<\/div>\n\t\t\t\t\n\t\t\t\t\t\t\t\t\t<\/div>\n\t\t\t\t\t\t<\/div>\n\t\t\t\t<\/div>\n\t\t\t\t\t<\/div>\n\t\t<\/div>\n\t\t\t\t\t<\/div>\n\t\t<\/section>\n\t\t\t\t<\/div>\n\t\t","protected":false},"excerpt":{"rendered":"<p>MOXX 60.1 Marke Nous avons construit \u00e0 Marke un MOXX de 60 m\u00b2 qui sert de mod\u00e8le de d\u00e9monstration dans notre parc de d\u00e9monstration. Venez d\u00e9couvrir notre module life sur rendez-vous.<\/p>\n","protected":false},"author":3,"featured_media":0,"parent":7239,"menu_order":0,"comment_status":"closed","ping_status":"closed","template":"","meta":{"site-sidebar-layout":"no-sidebar","site-content-layout":"page-builder","ast-main-header-display":"","ast-hfb-above-header-display":"","ast-hfb-below-header-display":"","ast-hfb-mobile-header-display":"","site-post-title":"disabled","ast-breadcrumbs-content":"","ast-featured-img":"disabled","footer-sml-layout":"","theme-transparent-header-meta":"","adv-header-id-meta":"","stick-header-meta":"","header-above-stick-meta":"","header-main-stick-meta":"","header-below-stick-meta":"","footnotes":""},"class_list":["post-7600","page","type-page","status-publish","hentry"],"yoast_head":"<!-- This site is optimized with the Yoast SEO plugin v24.5 - https:\/\/yoast.com\/wordpress\/plugins\/seo\/ -->\n<title>60.1 Marke | MOXX<\/title>\n<meta name=\"robots\" content=\"index, follow, max-snippet:-1, max-image-preview:large, max-video-preview:-1\" \/>\n<link rel=\"canonical\" href=\"https:\/\/moxx.be\/fr\/realisations\/60-1-marke\/\" \/>\n<meta property=\"og:locale\" content=\"fr_FR\" \/>\n<meta property=\"og:type\" content=\"article\" \/>\n<meta property=\"og:title\" content=\"60.1 Marke | MOXX\" \/>\n<meta property=\"og:description\" content=\"MOXX 60.1 Marke Nous avons construit \u00e0 Marke un MOXX de 60 m\u00b2 qui sert de mod\u00e8le de d\u00e9monstration dans notre parc de d\u00e9monstration. Venez d\u00e9couvrir notre module life sur rendez-vous.\" \/>\n<meta property=\"og:url\" content=\"https:\/\/moxx.be\/fr\/realisations\/60-1-marke\/\" \/>\n<meta property=\"og:site_name\" content=\"MOXX\" \/>\n<meta property=\"article:modified_time\" content=\"2026-02-03T13:19:19+00:00\" \/>\n<meta property=\"og:image\" content=\"https:\/\/moxx.be\/wp-content\/uploads\/2026\/02\/IMG_8268-768x576.jpg\" \/>\n<meta name=\"twitter:card\" content=\"summary_large_image\" \/>\n<script type=\"application\/ld+json\" class=\"yoast-schema-graph\">{\"@context\":\"https:\/\/schema.org\",\"@graph\":[{\"@type\":\"WebPage\",\"@id\":\"https:\/\/moxx.be\/fr\/realisations\/60-1-marke\/\",\"url\":\"https:\/\/moxx.be\/fr\/realisations\/60-1-marke\/\",\"name\":\"60.1 Marke | MOXX\",\"isPartOf\":{\"@id\":\"https:\/\/moxx.be\/fr\/#website\"},\"primaryImageOfPage\":{\"@id\":\"https:\/\/moxx.be\/fr\/realisations\/60-1-marke\/#primaryimage\"},\"image\":{\"@id\":\"https:\/\/moxx.be\/fr\/realisations\/60-1-marke\/#primaryimage\"},\"thumbnailUrl\":\"https:\/\/moxx.be\/wp-content\/uploads\/2026\/02\/IMG_8268-768x576.jpg\",\"datePublished\":\"2026-01-28T21:51:05+00:00\",\"dateModified\":\"2026-02-03T13:19:19+00:00\",\"breadcrumb\":{\"@id\":\"https:\/\/moxx.be\/fr\/realisations\/60-1-marke\/#breadcrumb\"},\"inLanguage\":\"fr-FR\",\"potentialAction\":[{\"@type\":\"ReadAction\",\"target\":[\"https:\/\/moxx.be\/fr\/realisations\/60-1-marke\/\"]}]},{\"@type\":\"ImageObject\",\"inLanguage\":\"fr-FR\",\"@id\":\"https:\/\/moxx.be\/fr\/realisations\/60-1-marke\/#primaryimage\",\"url\":\"https:\/\/moxx.be\/wp-content\/uploads\/2026\/02\/IMG_8268-768x576.jpg\",\"contentUrl\":\"https:\/\/moxx.be\/wp-content\/uploads\/2026\/02\/IMG_8268-768x576.jpg\"},{\"@type\":\"BreadcrumbList\",\"@id\":\"https:\/\/moxx.be\/fr\/realisations\/60-1-marke\/#breadcrumb\",\"itemListElement\":[{\"@type\":\"ListItem\",\"position\":1,\"name\":\"Home\",\"item\":\"https:\/\/moxx.be\/fr\/\"},{\"@type\":\"ListItem\",\"position\":2,\"name\":\"R\u00e9alisations\",\"item\":\"https:\/\/moxx.be\/fr\/realisaties\/\"},{\"@type\":\"ListItem\",\"position\":3,\"name\":\"60.1 Marke\"}]},{\"@type\":\"WebSite\",\"@id\":\"https:\/\/moxx.be\/fr\/#website\",\"url\":\"https:\/\/moxx.be\/fr\/\",\"name\":\"MOXX\",\"description\":\"\",\"publisher\":{\"@id\":\"https:\/\/moxx.be\/fr\/#organization\"},\"potentialAction\":[{\"@type\":\"SearchAction\",\"target\":{\"@type\":\"EntryPoint\",\"urlTemplate\":\"https:\/\/moxx.be\/fr\/?s={search_term_string}\"},\"query-input\":{\"@type\":\"PropertyValueSpecification\",\"valueRequired\":true,\"valueName\":\"search_term_string\"}}],\"inLanguage\":\"fr-FR\"},{\"@type\":\"Organization\",\"@id\":\"https:\/\/moxx.be\/fr\/#organization\",\"name\":\"Moxx\",\"url\":\"https:\/\/moxx.be\/fr\/\",\"logo\":{\"@type\":\"ImageObject\",\"inLanguage\":\"fr-FR\",\"@id\":\"https:\/\/moxx.be\/fr\/#\/schema\/logo\/image\/\",\"url\":\"https:\/\/moxx.be\/wp-content\/uploads\/2022\/08\/Logo_Moxx_2021-min.png\",\"contentUrl\":\"https:\/\/moxx.be\/wp-content\/uploads\/2022\/08\/Logo_Moxx_2021-min.png\",\"width\":11338,\"height\":5669,\"caption\":\"Moxx\"},\"image\":{\"@id\":\"https:\/\/moxx.be\/fr\/#\/schema\/logo\/image\/\"}}]}<\/script>\n<!-- \/ Yoast SEO plugin. -->","yoast_head_json":{"title":"60.1 Marke | MOXX","robots":{"index":"index","follow":"follow","max-snippet":"max-snippet:-1","max-image-preview":"max-image-preview:large","max-video-preview":"max-video-preview:-1"},"canonical":"https:\/\/moxx.be\/fr\/realisations\/60-1-marke\/","og_locale":"fr_FR","og_type":"article","og_title":"60.1 Marke | MOXX","og_description":"MOXX 60.1 Marke Nous avons construit \u00e0 Marke un MOXX de 60 m\u00b2 qui sert de mod\u00e8le de d\u00e9monstration dans notre parc de d\u00e9monstration. Venez d\u00e9couvrir notre module life sur rendez-vous.","og_url":"https:\/\/moxx.be\/fr\/realisations\/60-1-marke\/","og_site_name":"MOXX","article_modified_time":"2026-02-03T13:19:19+00:00","og_image":[{"url":"https:\/\/moxx.be\/wp-content\/uploads\/2026\/02\/IMG_8268-768x576.jpg","type":"","width":"","height":""}],"twitter_card":"summary_large_image","schema":{"@context":"https:\/\/schema.org","@graph":[{"@type":"WebPage","@id":"https:\/\/moxx.be\/fr\/realisations\/60-1-marke\/","url":"https:\/\/moxx.be\/fr\/realisations\/60-1-marke\/","name":"60.1 Marke | MOXX","isPartOf":{"@id":"https:\/\/moxx.be\/fr\/#website"},"primaryImageOfPage":{"@id":"https:\/\/moxx.be\/fr\/realisations\/60-1-marke\/#primaryimage"},"image":{"@id":"https:\/\/moxx.be\/fr\/realisations\/60-1-marke\/#primaryimage"},"thumbnailUrl":"https:\/\/moxx.be\/wp-content\/uploads\/2026\/02\/IMG_8268-768x576.jpg","datePublished":"2026-01-28T21:51:05+00:00","dateModified":"2026-02-03T13:19:19+00:00","breadcrumb":{"@id":"https:\/\/moxx.be\/fr\/realisations\/60-1-marke\/#breadcrumb"},"inLanguage":"fr-FR","potentialAction":[{"@type":"ReadAction","target":["https:\/\/moxx.be\/fr\/realisations\/60-1-marke\/"]}]},{"@type":"ImageObject","inLanguage":"fr-FR","@id":"https:\/\/moxx.be\/fr\/realisations\/60-1-marke\/#primaryimage","url":"https:\/\/moxx.be\/wp-content\/uploads\/2026\/02\/IMG_8268-768x576.jpg","contentUrl":"https:\/\/moxx.be\/wp-content\/uploads\/2026\/02\/IMG_8268-768x576.jpg"},{"@type":"BreadcrumbList","@id":"https:\/\/moxx.be\/fr\/realisations\/60-1-marke\/#breadcrumb","itemListElement":[{"@type":"ListItem","position":1,"name":"Home","item":"https:\/\/moxx.be\/fr\/"},{"@type":"ListItem","position":2,"name":"R\u00e9alisations","item":"https:\/\/moxx.be\/fr\/realisaties\/"},{"@type":"ListItem","position":3,"name":"60.1 Marke"}]},{"@type":"WebSite","@id":"https:\/\/moxx.be\/fr\/#website","url":"https:\/\/moxx.be\/fr\/","name":"MOXX","description":"","publisher":{"@id":"https:\/\/moxx.be\/fr\/#organization"},"potentialAction":[{"@type":"SearchAction","target":{"@type":"EntryPoint","urlTemplate":"https:\/\/moxx.be\/fr\/?s={search_term_string}"},"query-input":{"@type":"PropertyValueSpecification","valueRequired":true,"valueName":"search_term_string"}}],"inLanguage":"fr-FR"},{"@type":"Organization","@id":"https:\/\/moxx.be\/fr\/#organization","name":"Moxx","url":"https:\/\/moxx.be\/fr\/","logo":{"@type":"ImageObject","inLanguage":"fr-FR","@id":"https:\/\/moxx.be\/fr\/#\/schema\/logo\/image\/","url":"https:\/\/moxx.be\/wp-content\/uploads\/2022\/08\/Logo_Moxx_2021-min.png","contentUrl":"https:\/\/moxx.be\/wp-content\/uploads\/2022\/08\/Logo_Moxx_2021-min.png","width":11338,"height":5669,"caption":"Moxx"},"image":{"@id":"https:\/\/moxx.be\/fr\/#\/schema\/logo\/image\/"}}]}},"_links":{"self":[{"href":"https:\/\/moxx.be\/fr\/wp-json\/wp\/v2\/pages\/7600","targetHints":{"allow":["GET"]}}],"collection":[{"href":"https:\/\/moxx.be\/fr\/wp-json\/wp\/v2\/pages"}],"about":[{"href":"https:\/\/moxx.be\/fr\/wp-json\/wp\/v2\/types\/page"}],"author":[{"embeddable":true,"href":"https:\/\/moxx.be\/fr\/wp-json\/wp\/v2\/users\/3"}],"replies":[{"embeddable":true,"href":"https:\/\/moxx.be\/fr\/wp-json\/wp\/v2\/comments?post=7600"}],"version-history":[{"count":1,"href":"https:\/\/moxx.be\/fr\/wp-json\/wp\/v2\/pages\/7600\/revisions"}],"predecessor-version":[{"id":7601,"href":"https:\/\/moxx.be\/fr\/wp-json\/wp\/v2\/pages\/7600\/revisions\/7601"}],"up":[{"embeddable":true,"href":"https:\/\/moxx.be\/fr\/wp-json\/wp\/v2\/pages\/7239"}],"wp:attachment":[{"href":"https:\/\/moxx.be\/fr\/wp-json\/wp\/v2\/media?parent=7600"}],"curies":[{"name":"wp","href":"https:\/\/api.w.org\/{rel}","templated":true}]}}