{"id":7241,"date":"2026-01-13T10:55:33","date_gmt":"2026-01-13T10:55:33","guid":{"rendered":"https:\/\/moxx.be\/realisations\/53-1-geluveld\/"},"modified":"2026-01-13T12:31:31","modified_gmt":"2026-01-13T12:31:31","slug":"53-1-geluveld","status":"publish","type":"page","link":"https:\/\/moxx.be\/fr\/realisations\/53-1-geluveld\/","title":{"rendered":"53.1 Geluveld"},"content":{"rendered":"\t\t<div data-elementor-type=\"wp-page\" data-elementor-id=\"7241\" class=\"elementor elementor-7241 elementor-7207\" data-elementor-post-type=\"page\">\n\t\t\t\t\t\t<section class=\"elementor-section elementor-top-section elementor-element elementor-element-6018ebdd elementor-section-content-middle elementor-section-boxed elementor-section-height-default elementor-section-height-default wpr-particle-no wpr-jarallax-no wpr-parallax-no wpr-sticky-section-no\" data-id=\"6018ebdd\" data-element_type=\"section\">\n\t\t\t\t\t\t<div class=\"elementor-container elementor-column-gap-no\">\n\t\t\t\t\t<div class=\"elementor-column elementor-col-50 elementor-top-column elementor-element elementor-element-700811a6\" data-id=\"700811a6\" data-element_type=\"column\">\n\t\t\t<div class=\"elementor-widget-wrap elementor-element-populated\">\n\t\t\t\t\t\t<div class=\"elementor-element elementor-element-648688e elementor-widget elementor-widget-text-editor\" data-id=\"648688e\" data-element_type=\"widget\" data-widget_type=\"text-editor.default\">\n\t\t\t\t<div class=\"elementor-widget-container\">\n\t\t\t\t\t\t\t\t\t<h1><b>MOXX 53.1<br>Geluveld<\/b><\/h1>\t\t\t\t\t\t\t\t<\/div>\n\t\t\t\t<\/div>\n\t\t\t\t\t<\/div>\n\t\t<\/div>\n\t\t\t\t<div class=\"elementor-column elementor-col-50 elementor-top-column elementor-element elementor-element-2d1896e7\" data-id=\"2d1896e7\" data-element_type=\"column\">\n\t\t\t<div class=\"elementor-widget-wrap elementor-element-populated\">\n\t\t\t\t\t\t<div class=\"elementor-element elementor-element-36bd8209 elementor-widget elementor-widget-text-editor\" data-id=\"36bd8209\" data-element_type=\"widget\" data-widget_type=\"text-editor.default\">\n\t\t\t\t<div class=\"elementor-widget-container\">\n\t\t\t\t\t\t\t\t\t<p>Nous avons construit \u00e0 Geluveld un MOXX de 53 m\u00b2 qui sert de cabinet de th\u00e9rapie pour enfants. Cela permet de s\u00e9parer clairement vie professionnelle et vie priv\u00e9e.<\/p>\t\t\t\t\t\t\t\t<\/div>\n\t\t\t\t<\/div>\n\t\t\t\t\t<\/div>\n\t\t<\/div>\n\t\t\t\t\t<\/div>\n\t\t<\/section>\n\t\t\t\t<section class=\"elementor-section elementor-top-section elementor-element elementor-element-318d401f elementor-section-boxed elementor-section-height-default elementor-section-height-default wpr-particle-no wpr-jarallax-no wpr-parallax-no wpr-sticky-section-no\" data-id=\"318d401f\" data-element_type=\"section\">\n\t\t\t\t\t\t<div class=\"elementor-container elementor-column-gap-no\">\n\t\t\t\t\t<div class=\"elementor-column elementor-col-100 elementor-top-column elementor-element elementor-element-5eeb220b\" data-id=\"5eeb220b\" data-element_type=\"column\">\n\t\t\t<div class=\"elementor-widget-wrap elementor-element-populated\">\n\t\t\t\t\t\t<div class=\"elementor-element elementor-element-477f74a elementor-arrows-position-inside elementor-widget elementor-widget-image-carousel\" data-id=\"477f74a\" data-element_type=\"widget\" data-settings=\"{&quot;image_spacing_custom&quot;:{&quot;unit&quot;:&quot;px&quot;,&quot;size&quot;:40,&quot;sizes&quot;:[]},&quot;slides_to_show&quot;:&quot;2&quot;,&quot;slides_to_scroll&quot;:&quot;1&quot;,&quot;navigation&quot;:&quot;arrows&quot;,&quot;autoplay&quot;:&quot;yes&quot;,&quot;pause_on_hover&quot;:&quot;yes&quot;,&quot;pause_on_interaction&quot;:&quot;yes&quot;,&quot;autoplay_speed&quot;:5000,&quot;infinite&quot;:&quot;yes&quot;,&quot;speed&quot;:500,&quot;image_spacing_custom_tablet&quot;:{&quot;unit&quot;:&quot;px&quot;,&quot;size&quot;:&quot;&quot;,&quot;sizes&quot;:[]},&quot;image_spacing_custom_mobile&quot;:{&quot;unit&quot;:&quot;px&quot;,&quot;size&quot;:&quot;&quot;,&quot;sizes&quot;:[]}}\" data-widget_type=\"image-carousel.default\">\n\t\t\t\t<div class=\"elementor-widget-container\">\n\t\t\t\t\t\t\t<div class=\"elementor-image-carousel-wrapper swiper\" role=\"region\" aria-roledescription=\"carousel\" aria-label=\"Image Carousel\" dir=\"ltr\">\n\t\t\t<div class=\"elementor-image-carousel swiper-wrapper\" aria-live=\"off\">\n\t\t\t\t\t\t\t\t<div class=\"swiper-slide\" role=\"group\" aria-roledescription=\"slide\" aria-label=\"1 of 9\"><a data-elementor-open-lightbox=\"yes\" data-elementor-lightbox-slideshow=\"477f74a\" data-elementor-lightbox-title=\"IMG_6994\" data-e-action-hash=\"#elementor-action%3Aaction%3Dlightbox%26settings%3DeyJpZCI6NzIyMSwidXJsIjoiaHR0cHM6XC9cL21veHguYmVcL3dwLWNvbnRlbnRcL3VwbG9hZHNcLzIwMjZcLzAxXC9JTUdfNjk5NC1zY2FsZWQuanBnIiwic2xpZGVzaG93IjoiNDc3Zjc0YSJ9\" href=\"https:\/\/moxx.be\/wp-content\/uploads\/2026\/01\/IMG_6994-scaled.jpg\"><figure class=\"swiper-slide-inner\"><img decoding=\"async\" class=\"swiper-slide-image\" src=\"https:\/\/moxx.be\/wp-content\/uploads\/2026\/01\/IMG_6994-768x216.jpg\" alt=\"IMG_6994\" \/><\/figure><\/a><\/div><div class=\"swiper-slide\" role=\"group\" aria-roledescription=\"slide\" aria-label=\"2 of 9\"><a data-elementor-open-lightbox=\"yes\" data-elementor-lightbox-slideshow=\"477f74a\" data-elementor-lightbox-title=\"IMG_6984\" data-e-action-hash=\"#elementor-action%3Aaction%3Dlightbox%26settings%3DeyJpZCI6NzIxMCwidXJsIjoiaHR0cHM6XC9cL21veHguYmVcL3dwLWNvbnRlbnRcL3VwbG9hZHNcLzIwMjZcLzAxXC9JTUdfNjk4NC1zY2FsZWQuanBnIiwic2xpZGVzaG93IjoiNDc3Zjc0YSJ9\" href=\"https:\/\/moxx.be\/wp-content\/uploads\/2026\/01\/IMG_6984-scaled.jpg\"><figure class=\"swiper-slide-inner\"><img decoding=\"async\" class=\"swiper-slide-image\" src=\"https:\/\/moxx.be\/wp-content\/uploads\/2026\/01\/IMG_6984-768x576.jpg\" alt=\"IMG_6984\" \/><\/figure><\/a><\/div><div class=\"swiper-slide\" role=\"group\" aria-roledescription=\"slide\" aria-label=\"3 of 9\"><a data-elementor-open-lightbox=\"yes\" data-elementor-lightbox-slideshow=\"477f74a\" data-elementor-lightbox-title=\"IMG_7001\" data-e-action-hash=\"#elementor-action%3Aaction%3Dlightbox%26settings%3DeyJpZCI6NzIyNywidXJsIjoiaHR0cHM6XC9cL21veHguYmVcL3dwLWNvbnRlbnRcL3VwbG9hZHNcLzIwMjZcLzAxXC9JTUdfNzAwMS1zY2FsZWQuanBnIiwic2xpZGVzaG93IjoiNDc3Zjc0YSJ9\" href=\"https:\/\/moxx.be\/wp-content\/uploads\/2026\/01\/IMG_7001-scaled.jpg\"><figure class=\"swiper-slide-inner\"><img decoding=\"async\" class=\"swiper-slide-image\" src=\"https:\/\/moxx.be\/wp-content\/uploads\/2026\/01\/IMG_7001-768x576.jpg\" alt=\"IMG_7001\" \/><\/figure><\/a><\/div><div class=\"swiper-slide\" role=\"group\" aria-roledescription=\"slide\" aria-label=\"4 of 9\"><a data-elementor-open-lightbox=\"yes\" data-elementor-lightbox-slideshow=\"477f74a\" data-elementor-lightbox-title=\"IMG_6985\" data-e-action-hash=\"#elementor-action%3Aaction%3Dlightbox%26settings%3DeyJpZCI6NzIxMywidXJsIjoiaHR0cHM6XC9cL21veHguYmVcL3dwLWNvbnRlbnRcL3VwbG9hZHNcLzIwMjZcLzAxXC9JTUdfNjk4NS1zY2FsZWQuanBnIiwic2xpZGVzaG93IjoiNDc3Zjc0YSJ9\" href=\"https:\/\/moxx.be\/wp-content\/uploads\/2026\/01\/IMG_6985-scaled.jpg\"><figure class=\"swiper-slide-inner\"><img decoding=\"async\" class=\"swiper-slide-image\" src=\"https:\/\/moxx.be\/wp-content\/uploads\/2026\/01\/IMG_6985-768x576.jpg\" alt=\"IMG_6985\" \/><\/figure><\/a><\/div><div class=\"swiper-slide\" role=\"group\" aria-roledescription=\"slide\" aria-label=\"5 of 9\"><a data-elementor-open-lightbox=\"yes\" data-elementor-lightbox-slideshow=\"477f74a\" data-elementor-lightbox-title=\"IMG_6990\" data-e-action-hash=\"#elementor-action%3Aaction%3Dlightbox%26settings%3DeyJpZCI6NzIxNywidXJsIjoiaHR0cHM6XC9cL21veHguYmVcL3dwLWNvbnRlbnRcL3VwbG9hZHNcLzIwMjZcLzAxXC9JTUdfNjk5MC1zY2FsZWQtZTE3NjkwMzM0NTAyMzMuanBnIiwic2xpZGVzaG93IjoiNDc3Zjc0YSJ9\" href=\"https:\/\/moxx.be\/wp-content\/uploads\/2026\/01\/IMG_6990-scaled-e1769033450233.jpg\"><figure class=\"swiper-slide-inner\"><img decoding=\"async\" class=\"swiper-slide-image\" src=\"https:\/\/moxx.be\/wp-content\/uploads\/2026\/01\/IMG_6990-768x576.jpg\" alt=\"IMG_6990\" \/><\/figure><\/a><\/div><div class=\"swiper-slide\" role=\"group\" aria-roledescription=\"slide\" aria-label=\"6 of 9\"><a data-elementor-open-lightbox=\"yes\" data-elementor-lightbox-slideshow=\"477f74a\" data-elementor-lightbox-title=\"IMG_6988\" data-e-action-hash=\"#elementor-action%3Aaction%3Dlightbox%26settings%3DeyJpZCI6NzIxNSwidXJsIjoiaHR0cHM6XC9cL21veHguYmVcL3dwLWNvbnRlbnRcL3VwbG9hZHNcLzIwMjZcLzAxXC9JTUdfNjk4OC1zY2FsZWQuanBnIiwic2xpZGVzaG93IjoiNDc3Zjc0YSJ9\" href=\"https:\/\/moxx.be\/wp-content\/uploads\/2026\/01\/IMG_6988-scaled.jpg\"><figure class=\"swiper-slide-inner\"><img decoding=\"async\" class=\"swiper-slide-image\" src=\"https:\/\/moxx.be\/wp-content\/uploads\/2026\/01\/IMG_6988-768x576.jpg\" alt=\"IMG_6988\" \/><\/figure><\/a><\/div><div class=\"swiper-slide\" role=\"group\" aria-roledescription=\"slide\" aria-label=\"7 of 9\"><a data-elementor-open-lightbox=\"yes\" data-elementor-lightbox-slideshow=\"477f74a\" data-elementor-lightbox-title=\"IMG_6991\" data-e-action-hash=\"#elementor-action%3Aaction%3Dlightbox%26settings%3DeyJpZCI6NzIxOSwidXJsIjoiaHR0cHM6XC9cL21veHguYmVcL3dwLWNvbnRlbnRcL3VwbG9hZHNcLzIwMjZcLzAxXC9JTUdfNjk5MS1zY2FsZWQtZTE3NjkwMzM0ODYxODEuanBnIiwic2xpZGVzaG93IjoiNDc3Zjc0YSJ9\" href=\"https:\/\/moxx.be\/wp-content\/uploads\/2026\/01\/IMG_6991-scaled-e1769033486181.jpg\"><figure class=\"swiper-slide-inner\"><img decoding=\"async\" class=\"swiper-slide-image\" src=\"https:\/\/moxx.be\/wp-content\/uploads\/2026\/01\/IMG_6991-768x576.jpg\" alt=\"IMG_6991\" \/><\/figure><\/a><\/div><div class=\"swiper-slide\" role=\"group\" aria-roledescription=\"slide\" aria-label=\"8 of 9\"><a data-elementor-open-lightbox=\"yes\" data-elementor-lightbox-slideshow=\"477f74a\" data-elementor-lightbox-title=\"IMG_6996\" data-e-action-hash=\"#elementor-action%3Aaction%3Dlightbox%26settings%3DeyJpZCI6NzIyNSwidXJsIjoiaHR0cHM6XC9cL21veHguYmVcL3dwLWNvbnRlbnRcL3VwbG9hZHNcLzIwMjZcLzAxXC9JTUdfNjk5Ni1zY2FsZWQuanBnIiwic2xpZGVzaG93IjoiNDc3Zjc0YSJ9\" href=\"https:\/\/moxx.be\/wp-content\/uploads\/2026\/01\/IMG_6996-scaled.jpg\"><figure class=\"swiper-slide-inner\"><img decoding=\"async\" class=\"swiper-slide-image\" src=\"https:\/\/moxx.be\/wp-content\/uploads\/2026\/01\/IMG_6996-768x576.jpg\" alt=\"IMG_6996\" \/><\/figure><\/a><\/div><div class=\"swiper-slide\" role=\"group\" aria-roledescription=\"slide\" aria-label=\"9 of 9\"><a data-elementor-open-lightbox=\"yes\" data-elementor-lightbox-slideshow=\"477f74a\" data-elementor-lightbox-title=\"IMG_6994\" data-e-action-hash=\"#elementor-action%3Aaction%3Dlightbox%26settings%3DeyJpZCI6NzIyMSwidXJsIjoiaHR0cHM6XC9cL21veHguYmVcL3dwLWNvbnRlbnRcL3VwbG9hZHNcLzIwMjZcLzAxXC9JTUdfNjk5NC1zY2FsZWQuanBnIiwic2xpZGVzaG93IjoiNDc3Zjc0YSJ9\" href=\"https:\/\/moxx.be\/wp-content\/uploads\/2026\/01\/IMG_6994-scaled.jpg\"><figure class=\"swiper-slide-inner\"><img decoding=\"async\" class=\"swiper-slide-image\" src=\"https:\/\/moxx.be\/wp-content\/uploads\/2026\/01\/IMG_6994-768x216.jpg\" alt=\"IMG_6994\" \/><\/figure><\/a><\/div>\t\t\t<\/div>\n\t\t\t\t\t\t\t\t\t\t\t\t<div class=\"elementor-swiper-button elementor-swiper-button-prev\" role=\"button\" tabindex=\"0\">\n\t\t\t\t\t\t<i aria-hidden=\"true\" class=\"eicon-chevron-left\"><\/i>\t\t\t\t\t<\/div>\n\t\t\t\t\t<div class=\"elementor-swiper-button elementor-swiper-button-next\" role=\"button\" tabindex=\"0\">\n\t\t\t\t\t\t<i aria-hidden=\"true\" class=\"eicon-chevron-right\"><\/i>\t\t\t\t\t<\/div>\n\t\t\t\t\n\t\t\t\t\t\t\t\t\t<\/div>\n\t\t\t\t\t\t<\/div>\n\t\t\t\t<\/div>\n\t\t\t\t\t<\/div>\n\t\t<\/div>\n\t\t\t\t\t<\/div>\n\t\t<\/section>\n\t\t\t\t<\/div>\n\t\t","protected":false},"excerpt":{"rendered":"<p>MOXX 53.1Geluveld Nous avons construit \u00e0 Geluveld un MOXX de 53 m\u00b2 qui sert de cabinet de th\u00e9rapie pour enfants. Cela permet de s\u00e9parer clairement vie professionnelle et vie priv\u00e9e.<\/p>\n","protected":false},"author":2,"featured_media":0,"parent":7239,"menu_order":0,"comment_status":"closed","ping_status":"closed","template":"","meta":{"site-sidebar-layout":"no-sidebar","site-content-layout":"page-builder","ast-main-header-display":"","ast-hfb-above-header-display":"","ast-hfb-below-header-display":"","ast-hfb-mobile-header-display":"","site-post-title":"disabled","ast-breadcrumbs-content":"","ast-featured-img":"disabled","footer-sml-layout":"","theme-transparent-header-meta":"","adv-header-id-meta":"","stick-header-meta":"","header-above-stick-meta":"","header-main-stick-meta":"","header-below-stick-meta":"","footnotes":""},"class_list":["post-7241","page","type-page","status-publish","hentry"],"yoast_head":"<!-- This site is optimized with the Yoast SEO plugin v24.5 - https:\/\/yoast.com\/wordpress\/plugins\/seo\/ -->\n<title>53.1 Geluveld | MOXX<\/title>\n<meta name=\"robots\" content=\"index, follow, max-snippet:-1, max-image-preview:large, max-video-preview:-1\" \/>\n<link rel=\"canonical\" href=\"https:\/\/moxx.be\/fr\/realisations\/53-1-geluveld\/\" \/>\n<meta property=\"og:locale\" content=\"fr_FR\" \/>\n<meta property=\"og:type\" content=\"article\" \/>\n<meta property=\"og:title\" content=\"53.1 Geluveld | MOXX\" \/>\n<meta property=\"og:description\" content=\"MOXX 53.1Geluveld Nous avons construit \u00e0 Geluveld un MOXX de 53 m\u00b2 qui sert de cabinet de th\u00e9rapie pour enfants. Cela permet de s\u00e9parer clairement vie professionnelle et vie priv\u00e9e.\" \/>\n<meta property=\"og:url\" content=\"https:\/\/moxx.be\/fr\/realisations\/53-1-geluveld\/\" \/>\n<meta property=\"og:site_name\" content=\"MOXX\" \/>\n<meta property=\"article:modified_time\" content=\"2026-01-13T12:31:31+00:00\" \/>\n<meta property=\"og:image\" content=\"https:\/\/moxx.be\/wp-content\/uploads\/2026\/01\/IMG_6994-768x216.jpg\" \/>\n<meta name=\"twitter:card\" content=\"summary_large_image\" \/>\n<script type=\"application\/ld+json\" class=\"yoast-schema-graph\">{\"@context\":\"https:\/\/schema.org\",\"@graph\":[{\"@type\":\"WebPage\",\"@id\":\"https:\/\/moxx.be\/fr\/realisations\/53-1-geluveld\/\",\"url\":\"https:\/\/moxx.be\/fr\/realisations\/53-1-geluveld\/\",\"name\":\"53.1 Geluveld | MOXX\",\"isPartOf\":{\"@id\":\"https:\/\/moxx.be\/fr\/#website\"},\"primaryImageOfPage\":{\"@id\":\"https:\/\/moxx.be\/fr\/realisations\/53-1-geluveld\/#primaryimage\"},\"image\":{\"@id\":\"https:\/\/moxx.be\/fr\/realisations\/53-1-geluveld\/#primaryimage\"},\"thumbnailUrl\":\"https:\/\/moxx.be\/wp-content\/uploads\/2026\/01\/IMG_6994-768x216.jpg\",\"datePublished\":\"2026-01-13T10:55:33+00:00\",\"dateModified\":\"2026-01-13T12:31:31+00:00\",\"breadcrumb\":{\"@id\":\"https:\/\/moxx.be\/fr\/realisations\/53-1-geluveld\/#breadcrumb\"},\"inLanguage\":\"fr-FR\",\"potentialAction\":[{\"@type\":\"ReadAction\",\"target\":[\"https:\/\/moxx.be\/fr\/realisations\/53-1-geluveld\/\"]}]},{\"@type\":\"ImageObject\",\"inLanguage\":\"fr-FR\",\"@id\":\"https:\/\/moxx.be\/fr\/realisations\/53-1-geluveld\/#primaryimage\",\"url\":\"https:\/\/moxx.be\/wp-content\/uploads\/2026\/01\/IMG_6994-768x216.jpg\",\"contentUrl\":\"https:\/\/moxx.be\/wp-content\/uploads\/2026\/01\/IMG_6994-768x216.jpg\"},{\"@type\":\"BreadcrumbList\",\"@id\":\"https:\/\/moxx.be\/fr\/realisations\/53-1-geluveld\/#breadcrumb\",\"itemListElement\":[{\"@type\":\"ListItem\",\"position\":1,\"name\":\"Home\",\"item\":\"https:\/\/moxx.be\/fr\/\"},{\"@type\":\"ListItem\",\"position\":2,\"name\":\"R\u00e9alisations\",\"item\":\"https:\/\/moxx.be\/fr\/realisaties\/\"},{\"@type\":\"ListItem\",\"position\":3,\"name\":\"53.1 Geluveld\"}]},{\"@type\":\"WebSite\",\"@id\":\"https:\/\/moxx.be\/fr\/#website\",\"url\":\"https:\/\/moxx.be\/fr\/\",\"name\":\"MOXX\",\"description\":\"\",\"publisher\":{\"@id\":\"https:\/\/moxx.be\/fr\/#organization\"},\"potentialAction\":[{\"@type\":\"SearchAction\",\"target\":{\"@type\":\"EntryPoint\",\"urlTemplate\":\"https:\/\/moxx.be\/fr\/?s={search_term_string}\"},\"query-input\":{\"@type\":\"PropertyValueSpecification\",\"valueRequired\":true,\"valueName\":\"search_term_string\"}}],\"inLanguage\":\"fr-FR\"},{\"@type\":\"Organization\",\"@id\":\"https:\/\/moxx.be\/fr\/#organization\",\"name\":\"Moxx\",\"url\":\"https:\/\/moxx.be\/fr\/\",\"logo\":{\"@type\":\"ImageObject\",\"inLanguage\":\"fr-FR\",\"@id\":\"https:\/\/moxx.be\/fr\/#\/schema\/logo\/image\/\",\"url\":\"https:\/\/moxx.be\/wp-content\/uploads\/2022\/08\/Logo_Moxx_2021-min.png\",\"contentUrl\":\"https:\/\/moxx.be\/wp-content\/uploads\/2022\/08\/Logo_Moxx_2021-min.png\",\"width\":11338,\"height\":5669,\"caption\":\"Moxx\"},\"image\":{\"@id\":\"https:\/\/moxx.be\/fr\/#\/schema\/logo\/image\/\"}}]}<\/script>\n<!-- \/ Yoast SEO plugin. -->","yoast_head_json":{"title":"53.1 Geluveld | MOXX","robots":{"index":"index","follow":"follow","max-snippet":"max-snippet:-1","max-image-preview":"max-image-preview:large","max-video-preview":"max-video-preview:-1"},"canonical":"https:\/\/moxx.be\/fr\/realisations\/53-1-geluveld\/","og_locale":"fr_FR","og_type":"article","og_title":"53.1 Geluveld | MOXX","og_description":"MOXX 53.1Geluveld Nous avons construit \u00e0 Geluveld un MOXX de 53 m\u00b2 qui sert de cabinet de th\u00e9rapie pour enfants. Cela permet de s\u00e9parer clairement vie professionnelle et vie priv\u00e9e.","og_url":"https:\/\/moxx.be\/fr\/realisations\/53-1-geluveld\/","og_site_name":"MOXX","article_modified_time":"2026-01-13T12:31:31+00:00","og_image":[{"url":"https:\/\/moxx.be\/wp-content\/uploads\/2026\/01\/IMG_6994-768x216.jpg","type":"","width":"","height":""}],"twitter_card":"summary_large_image","schema":{"@context":"https:\/\/schema.org","@graph":[{"@type":"WebPage","@id":"https:\/\/moxx.be\/fr\/realisations\/53-1-geluveld\/","url":"https:\/\/moxx.be\/fr\/realisations\/53-1-geluveld\/","name":"53.1 Geluveld | MOXX","isPartOf":{"@id":"https:\/\/moxx.be\/fr\/#website"},"primaryImageOfPage":{"@id":"https:\/\/moxx.be\/fr\/realisations\/53-1-geluveld\/#primaryimage"},"image":{"@id":"https:\/\/moxx.be\/fr\/realisations\/53-1-geluveld\/#primaryimage"},"thumbnailUrl":"https:\/\/moxx.be\/wp-content\/uploads\/2026\/01\/IMG_6994-768x216.jpg","datePublished":"2026-01-13T10:55:33+00:00","dateModified":"2026-01-13T12:31:31+00:00","breadcrumb":{"@id":"https:\/\/moxx.be\/fr\/realisations\/53-1-geluveld\/#breadcrumb"},"inLanguage":"fr-FR","potentialAction":[{"@type":"ReadAction","target":["https:\/\/moxx.be\/fr\/realisations\/53-1-geluveld\/"]}]},{"@type":"ImageObject","inLanguage":"fr-FR","@id":"https:\/\/moxx.be\/fr\/realisations\/53-1-geluveld\/#primaryimage","url":"https:\/\/moxx.be\/wp-content\/uploads\/2026\/01\/IMG_6994-768x216.jpg","contentUrl":"https:\/\/moxx.be\/wp-content\/uploads\/2026\/01\/IMG_6994-768x216.jpg"},{"@type":"BreadcrumbList","@id":"https:\/\/moxx.be\/fr\/realisations\/53-1-geluveld\/#breadcrumb","itemListElement":[{"@type":"ListItem","position":1,"name":"Home","item":"https:\/\/moxx.be\/fr\/"},{"@type":"ListItem","position":2,"name":"R\u00e9alisations","item":"https:\/\/moxx.be\/fr\/realisaties\/"},{"@type":"ListItem","position":3,"name":"53.1 Geluveld"}]},{"@type":"WebSite","@id":"https:\/\/moxx.be\/fr\/#website","url":"https:\/\/moxx.be\/fr\/","name":"MOXX","description":"","publisher":{"@id":"https:\/\/moxx.be\/fr\/#organization"},"potentialAction":[{"@type":"SearchAction","target":{"@type":"EntryPoint","urlTemplate":"https:\/\/moxx.be\/fr\/?s={search_term_string}"},"query-input":{"@type":"PropertyValueSpecification","valueRequired":true,"valueName":"search_term_string"}}],"inLanguage":"fr-FR"},{"@type":"Organization","@id":"https:\/\/moxx.be\/fr\/#organization","name":"Moxx","url":"https:\/\/moxx.be\/fr\/","logo":{"@type":"ImageObject","inLanguage":"fr-FR","@id":"https:\/\/moxx.be\/fr\/#\/schema\/logo\/image\/","url":"https:\/\/moxx.be\/wp-content\/uploads\/2022\/08\/Logo_Moxx_2021-min.png","contentUrl":"https:\/\/moxx.be\/wp-content\/uploads\/2022\/08\/Logo_Moxx_2021-min.png","width":11338,"height":5669,"caption":"Moxx"},"image":{"@id":"https:\/\/moxx.be\/fr\/#\/schema\/logo\/image\/"}}]}},"_links":{"self":[{"href":"https:\/\/moxx.be\/fr\/wp-json\/wp\/v2\/pages\/7241","targetHints":{"allow":["GET"]}}],"collection":[{"href":"https:\/\/moxx.be\/fr\/wp-json\/wp\/v2\/pages"}],"about":[{"href":"https:\/\/moxx.be\/fr\/wp-json\/wp\/v2\/types\/page"}],"author":[{"embeddable":true,"href":"https:\/\/moxx.be\/fr\/wp-json\/wp\/v2\/users\/2"}],"replies":[{"embeddable":true,"href":"https:\/\/moxx.be\/fr\/wp-json\/wp\/v2\/comments?post=7241"}],"version-history":[{"count":1,"href":"https:\/\/moxx.be\/fr\/wp-json\/wp\/v2\/pages\/7241\/revisions"}],"predecessor-version":[{"id":7242,"href":"https:\/\/moxx.be\/fr\/wp-json\/wp\/v2\/pages\/7241\/revisions\/7242"}],"up":[{"embeddable":true,"href":"https:\/\/moxx.be\/fr\/wp-json\/wp\/v2\/pages\/7239"}],"wp:attachment":[{"href":"https:\/\/moxx.be\/fr\/wp-json\/wp\/v2\/media?parent=7241"}],"curies":[{"name":"wp","href":"https:\/\/api.w.org\/{rel}","templated":true}]}}