{"id":4662,"date":"2022-08-03T18:54:26","date_gmt":"2022-08-03T18:54:26","guid":{"rendered":"https:\/\/moxx.be\/actualite\/"},"modified":"2023-03-13T06:45:33","modified_gmt":"2023-03-13T06:45:33","slug":"actualite","status":"publish","type":"page","link":"https:\/\/moxx.be\/fr\/actualite\/","title":{"rendered":"Actualit\u00e9"},"content":{"rendered":"\t\t<div data-elementor-type=\"wp-page\" data-elementor-id=\"4662\" class=\"elementor elementor-4662 elementor-3205\" data-elementor-post-type=\"page\">\n\t\t\t\t\t\t<section class=\"elementor-section elementor-top-section elementor-element elementor-element-1c25077 elementor-section-boxed elementor-section-height-default elementor-section-height-default wpr-particle-no wpr-jarallax-no wpr-parallax-no wpr-sticky-section-no\" data-id=\"1c25077\" data-element_type=\"section\">\n\t\t\t\t\t\t<div class=\"elementor-container elementor-column-gap-default\">\n\t\t\t\t\t<div class=\"elementor-column elementor-col-33 elementor-top-column elementor-element elementor-element-482df1b\" data-id=\"482df1b\" data-element_type=\"column\">\n\t\t\t<div class=\"elementor-widget-wrap elementor-element-populated\">\n\t\t\t\t\t\t<div class=\"elementor-element elementor-element-707d5877 elementor-widget elementor-widget-image\" data-id=\"707d5877\" data-element_type=\"widget\" data-widget_type=\"image.default\">\n\t\t\t\t<div class=\"elementor-widget-container\">\n\t\t\t\t\t\t\t\t\t\t\t\t\t\t\t<img fetchpriority=\"high\" decoding=\"async\" width=\"2560\" height=\"1920\" src=\"https:\/\/moxx.be\/wp-content\/uploads\/2023\/03\/Ontwerp-zonder-titel.png\" class=\"attachment-full size-full wp-image-4764\" alt=\"\" srcset=\"https:\/\/moxx.be\/wp-content\/uploads\/2023\/03\/Ontwerp-zonder-titel.png 2560w, https:\/\/moxx.be\/wp-content\/uploads\/2023\/03\/Ontwerp-zonder-titel-300x225.png 300w, https:\/\/moxx.be\/wp-content\/uploads\/2023\/03\/Ontwerp-zonder-titel-1024x768.png 1024w, https:\/\/moxx.be\/wp-content\/uploads\/2023\/03\/Ontwerp-zonder-titel-768x576.png 768w, https:\/\/moxx.be\/wp-content\/uploads\/2023\/03\/Ontwerp-zonder-titel-1536x1152.png 1536w, https:\/\/moxx.be\/wp-content\/uploads\/2023\/03\/Ontwerp-zonder-titel-2048x1536.png 2048w\" sizes=\"(max-width: 2560px) 100vw, 2560px\" \/>\t\t\t\t\t\t\t\t\t\t\t\t\t\t\t<\/div>\n\t\t\t\t<\/div>\n\t\t\t\t<div class=\"elementor-element elementor-element-9a126c3 elementor-widget elementor-widget-heading\" data-id=\"9a126c3\" data-element_type=\"widget\" data-widget_type=\"heading.default\">\n\t\t\t\t<div class=\"elementor-widget-container\">\n\t\t\t\t\t<h6 class=\"elementor-heading-title elementor-size-default\">RENDEZ-VOUS AU SALON BATIBOUW 2023<\/h6>\t\t\t\t<\/div>\n\t\t\t\t<\/div>\n\t\t\t\t<div class=\"elementor-element elementor-element-6790e535 elementor-widget elementor-widget-text-editor\" data-id=\"6790e535\" data-element_type=\"widget\" data-widget_type=\"text-editor.default\">\n\t\t\t\t<div class=\"elementor-widget-container\">\n\t\t\t\t\t\t\t\t\t<p>Venez nous rendre visite lors de la BATIBOUW dans le hall Patio, stand FLEX7 du 14 au 19 mars \u00e0 Brussels Expo. Toutes les informations sont consultables sur <a href=\"http:\/\/www.batibouw.com\/fr\" target=\"_blank\" rel=\"noopener\">www.batibouw.com\/fr<\/a><\/p>\t\t\t\t\t\t\t\t<\/div>\n\t\t\t\t<\/div>\n\t\t\t\t\t<\/div>\n\t\t<\/div>\n\t\t\t\t<div class=\"elementor-column elementor-col-33 elementor-top-column elementor-element elementor-element-1762eec\" data-id=\"1762eec\" data-element_type=\"column\">\n\t\t\t<div class=\"elementor-widget-wrap elementor-element-populated\">\n\t\t\t\t\t\t<div class=\"elementor-element elementor-element-64ee0ea elementor-widget elementor-widget-image\" data-id=\"64ee0ea\" data-element_type=\"widget\" data-widget_type=\"image.default\">\n\t\t\t\t<div class=\"elementor-widget-container\">\n\t\t\t\t\t\t\t\t\t\t\t\t\t\t\t<img decoding=\"async\" width=\"2560\" height=\"1920\" src=\"https:\/\/moxx.be\/wp-content\/uploads\/2022\/08\/Productiehal-5-scaled.jpeg\" class=\"attachment-full size-full wp-image-4481\" alt=\"\" srcset=\"https:\/\/moxx.be\/wp-content\/uploads\/2022\/08\/Productiehal-5-scaled.jpeg 2560w, https:\/\/moxx.be\/wp-content\/uploads\/2022\/08\/Productiehal-5-300x225.jpeg 300w, https:\/\/moxx.be\/wp-content\/uploads\/2022\/08\/Productiehal-5-1024x768.jpeg 1024w, https:\/\/moxx.be\/wp-content\/uploads\/2022\/08\/Productiehal-5-768x576.jpeg 768w, https:\/\/moxx.be\/wp-content\/uploads\/2022\/08\/Productiehal-5-1536x1152.jpeg 1536w, https:\/\/moxx.be\/wp-content\/uploads\/2022\/08\/Productiehal-5-2048x1536.jpeg 2048w\" sizes=\"(max-width: 2560px) 100vw, 2560px\" \/>\t\t\t\t\t\t\t\t\t\t\t\t\t\t\t<\/div>\n\t\t\t\t<\/div>\n\t\t\t\t<div class=\"elementor-element elementor-element-30af14b8 elementor-widget elementor-widget-heading\" data-id=\"30af14b8\" data-element_type=\"widget\" data-widget_type=\"heading.default\">\n\t\t\t\t<div class=\"elementor-widget-container\">\n\t\t\t\t\t<h6 class=\"elementor-heading-title elementor-size-default\">NOTRE DERNIER MOXX<\/h6>\t\t\t\t<\/div>\n\t\t\t\t<\/div>\n\t\t\t\t<div class=\"elementor-element elementor-element-06cc0eb elementor-widget elementor-widget-text-editor\" data-id=\"06cc0eb\" data-element_type=\"widget\" data-widget_type=\"text-editor.default\">\n\t\t\t\t<div class=\"elementor-widget-container\">\n\t\t\t\t\t\t\t\t\t<p>Afin de cr\u00e9er les modules de vie et de travail modernes de Moxx, nous avons construit un tout nouveau hall de production. Vous pouvez nous voir \u00e0 l\u2019\u0153uvre sur notre chantier de construction dans la Decauvillestraat \u00e0 Marke. Nous y construisons l&rsquo;unit\u00e9 Moxx que nous avons con\u00e7ue pour vous et avec vous, selon les normes en vigueur et enti\u00e8rement personnalis\u00e9e .<\/p>\n\t\t\t\t\t\t\t\t<\/div>\n\t\t\t\t<\/div>\n\t\t\t\t\t<\/div>\n\t\t<\/div>\n\t\t\t\t<div class=\"elementor-column elementor-col-33 elementor-top-column elementor-element elementor-element-69a15e6\" data-id=\"69a15e6\" data-element_type=\"column\">\n\t\t\t<div class=\"elementor-widget-wrap elementor-element-populated\">\n\t\t\t\t\t\t<div class=\"elementor-element elementor-element-3442f247 elementor-widget elementor-widget-image\" data-id=\"3442f247\" data-element_type=\"widget\" data-widget_type=\"image.default\">\n\t\t\t\t<div class=\"elementor-widget-container\">\n\t\t\t\t\t\t\t\t\t\t\t\t\t\t\t<img decoding=\"async\" width=\"768\" height=\"576\" src=\"https:\/\/moxx.be\/wp-content\/uploads\/2022\/10\/Unknown-2-768x576.jpeg\" class=\"attachment-medium_large size-medium_large wp-image-4619\" alt=\"\" srcset=\"https:\/\/moxx.be\/wp-content\/uploads\/2022\/10\/Unknown-2-768x576.jpeg 768w, https:\/\/moxx.be\/wp-content\/uploads\/2022\/10\/Unknown-2-300x225.jpeg 300w, https:\/\/moxx.be\/wp-content\/uploads\/2022\/10\/Unknown-2-1024x768.jpeg 1024w, https:\/\/moxx.be\/wp-content\/uploads\/2022\/10\/Unknown-2-1536x1152.jpeg 1536w, https:\/\/moxx.be\/wp-content\/uploads\/2022\/10\/Unknown-2-2048x1536.jpeg 2048w\" sizes=\"(max-width: 768px) 100vw, 768px\" \/>\t\t\t\t\t\t\t\t\t\t\t\t\t\t\t<\/div>\n\t\t\t\t<\/div>\n\t\t\t\t<div class=\"elementor-element elementor-element-51ec801 elementor-widget elementor-widget-heading\" data-id=\"51ec801\" data-element_type=\"widget\" data-widget_type=\"heading.default\">\n\t\t\t\t<div class=\"elementor-widget-container\">\n\t\t\t\t\t<h6 class=\"elementor-heading-title elementor-size-default\">RENDEZ-VOUS AU SALON BIS<\/h6>\t\t\t\t<\/div>\n\t\t\t\t<\/div>\n\t\t\t\t<div class=\"elementor-element elementor-element-49e3ae0f elementor-widget elementor-widget-text-editor\" data-id=\"49e3ae0f\" data-element_type=\"widget\" data-widget_type=\"text-editor.default\">\n\t\t\t\t<div class=\"elementor-widget-container\">\n\t\t\t\t\t\t\t\t\t<p>Venez nous rendre visite lors de la Bisbeurs dans le hall 1 du 8 au 16 octobre \u00e0 Flanders Expo Gent. Toutes les informations sont consultables sur www.bisbeurs.be<a href=\"https:\/\/www.bisbeurs.be\/exhibitor\/moxx\/\" target=\"_blank\" rel=\"noopener\" data-saferedirecturl=\"https:\/\/www.google.com\/url?q=http:\/\/www.bisbeurs.be&amp;source=gmail&amp;ust=1661514301470000&amp;usg=AOvVaw1kUW4p0J4aONWCbi5W3poS\"><\/a><\/p>\n\t\t\t\t\t\t\t\t<\/div>\n\t\t\t\t<\/div>\n\t\t\t\t\t<\/div>\n\t\t<\/div>\n\t\t\t\t\t<\/div>\n\t\t<\/section>\n\t\t\t\t<section class=\"elementor-section elementor-top-section elementor-element elementor-element-76a32f2 elementor-section-stretched elementor-section-full_width elementor-section-height-default elementor-section-height-default wpr-particle-no wpr-jarallax-no wpr-parallax-no wpr-sticky-section-no\" data-id=\"76a32f2\" data-element_type=\"section\" data-settings=\"{&quot;stretch_section&quot;:&quot;section-stretched&quot;}\">\n\t\t\t\t\t\t<div class=\"elementor-container elementor-column-gap-wide\">\n\t\t\t\t\t<div class=\"elementor-column elementor-col-50 elementor-top-column elementor-element elementor-element-80fe810\" data-id=\"80fe810\" data-element_type=\"column\">\n\t\t\t<div class=\"elementor-widget-wrap\">\n\t\t\t\t\t\t\t<\/div>\n\t\t<\/div>\n\t\t\t\t<div class=\"elementor-column elementor-col-50 elementor-top-column elementor-element elementor-element-63fdb2d6\" data-id=\"63fdb2d6\" data-element_type=\"column\">\n\t\t\t<div class=\"elementor-widget-wrap\">\n\t\t\t\t\t\t\t<\/div>\n\t\t<\/div>\n\t\t\t\t\t<\/div>\n\t\t<\/section>\n\t\t\t\t<\/div>\n\t\t","protected":false},"excerpt":{"rendered":"<p>RENDEZ-VOUS AU SALON BATIBOUW 2023 Venez nous rendre visite lors de la BATIBOUW dans le hall Patio, stand FLEX7 du 14 au 19 mars \u00e0 Brussels Expo. Toutes les informations sont consultables sur www.batibouw.com\/fr NOTRE DERNIER MOXX Afin de cr\u00e9er les modules de vie et de travail modernes de Moxx, nous avons construit un tout nouveau hall de production. Vous pouvez nous voir \u00e0 l\u2019\u0153uvre sur notre chantier de construction dans la Decauvillestraat \u00e0 Marke. Nous y construisons l&rsquo;unit\u00e9 Moxx que nous avons con\u00e7ue pour vous et avec vous, selon les normes en vigueur et enti\u00e8rement personnalis\u00e9e . RENDEZ-VOUS AU SALON BIS Venez nous rendre visite lors de la Bisbeurs dans le hall 1 du 8 au 16 octobre \u00e0 Flanders Expo Gent. Toutes les informations sont consultables sur www.bisbeurs.be<\/p>\n","protected":false},"author":1,"featured_media":0,"parent":0,"menu_order":0,"comment_status":"closed","ping_status":"closed","template":"","meta":{"site-sidebar-layout":"no-sidebar","site-content-layout":"page-builder","ast-main-header-display":"","ast-hfb-above-header-display":"","ast-hfb-below-header-display":"","ast-hfb-mobile-header-display":"","site-post-title":"disabled","ast-breadcrumbs-content":"","ast-featured-img":"disabled","footer-sml-layout":"","theme-transparent-header-meta":"","adv-header-id-meta":"","stick-header-meta":"","header-above-stick-meta":"","header-main-stick-meta":"","header-below-stick-meta":"","footnotes":""},"class_list":["post-4662","page","type-page","status-publish","hentry"],"yoast_head":"<!-- This site is optimized with the Yoast SEO plugin v24.5 - https:\/\/yoast.com\/wordpress\/plugins\/seo\/ -->\n<title>Actualit\u00e9 | MOXX<\/title>\n<meta name=\"robots\" content=\"index, follow, max-snippet:-1, max-image-preview:large, max-video-preview:-1\" \/>\n<link rel=\"canonical\" href=\"https:\/\/moxx.be\/fr\/actualite\/\" \/>\n<meta property=\"og:locale\" content=\"fr_FR\" \/>\n<meta property=\"og:type\" content=\"article\" \/>\n<meta property=\"og:title\" content=\"Actualit\u00e9 | MOXX\" \/>\n<meta property=\"og:description\" content=\"RENDEZ-VOUS AU SALON BATIBOUW 2023 Venez nous rendre visite lors de la BATIBOUW dans le hall Patio, stand FLEX7 du 14 au 19 mars \u00e0 Brussels Expo. Toutes les informations sont consultables sur www.batibouw.com\/fr NOTRE DERNIER MOXX Afin de cr\u00e9er les modules de vie et de travail modernes de Moxx, nous avons construit un tout nouveau hall de production. Vous pouvez nous voir \u00e0 l\u2019\u0153uvre sur notre chantier de construction dans la Decauvillestraat \u00e0 Marke. Nous y construisons l&rsquo;unit\u00e9 Moxx que nous avons con\u00e7ue pour vous et avec vous, selon les normes en vigueur et enti\u00e8rement personnalis\u00e9e . RENDEZ-VOUS AU SALON BIS Venez nous rendre visite lors de la Bisbeurs dans le hall 1 du 8 au 16 octobre \u00e0 Flanders Expo Gent. Toutes les informations sont consultables sur www.bisbeurs.be\" \/>\n<meta property=\"og:url\" content=\"https:\/\/moxx.be\/fr\/actualite\/\" \/>\n<meta property=\"og:site_name\" content=\"MOXX\" \/>\n<meta property=\"article:modified_time\" content=\"2023-03-13T06:45:33+00:00\" \/>\n<meta property=\"og:image\" content=\"https:\/\/moxx.be\/wp-content\/uploads\/2023\/03\/Ontwerp-zonder-titel.png\" \/>\n<meta name=\"twitter:card\" content=\"summary_large_image\" \/>\n<meta name=\"twitter:label1\" content=\"Est. reading time\" \/>\n\t<meta name=\"twitter:data1\" content=\"2 minutes\" \/>\n<script type=\"application\/ld+json\" class=\"yoast-schema-graph\">{\"@context\":\"https:\/\/schema.org\",\"@graph\":[{\"@type\":\"WebPage\",\"@id\":\"https:\/\/moxx.be\/fr\/actualite\/\",\"url\":\"https:\/\/moxx.be\/fr\/actualite\/\",\"name\":\"Actualit\u00e9 | MOXX\",\"isPartOf\":{\"@id\":\"https:\/\/moxx.be\/fr\/#website\"},\"primaryImageOfPage\":{\"@id\":\"https:\/\/moxx.be\/fr\/actualite\/#primaryimage\"},\"image\":{\"@id\":\"https:\/\/moxx.be\/fr\/actualite\/#primaryimage\"},\"thumbnailUrl\":\"https:\/\/moxx.be\/wp-content\/uploads\/2023\/03\/Ontwerp-zonder-titel.png\",\"datePublished\":\"2022-08-03T18:54:26+00:00\",\"dateModified\":\"2023-03-13T06:45:33+00:00\",\"breadcrumb\":{\"@id\":\"https:\/\/moxx.be\/fr\/actualite\/#breadcrumb\"},\"inLanguage\":\"fr-FR\",\"potentialAction\":[{\"@type\":\"ReadAction\",\"target\":[\"https:\/\/moxx.be\/fr\/actualite\/\"]}]},{\"@type\":\"ImageObject\",\"inLanguage\":\"fr-FR\",\"@id\":\"https:\/\/moxx.be\/fr\/actualite\/#primaryimage\",\"url\":\"https:\/\/moxx.be\/wp-content\/uploads\/2023\/03\/Ontwerp-zonder-titel.png\",\"contentUrl\":\"https:\/\/moxx.be\/wp-content\/uploads\/2023\/03\/Ontwerp-zonder-titel.png\"},{\"@type\":\"BreadcrumbList\",\"@id\":\"https:\/\/moxx.be\/fr\/actualite\/#breadcrumb\",\"itemListElement\":[{\"@type\":\"ListItem\",\"position\":1,\"name\":\"Home\",\"item\":\"https:\/\/moxx.be\/fr\/\"},{\"@type\":\"ListItem\",\"position\":2,\"name\":\"Actualit\u00e9\"}]},{\"@type\":\"WebSite\",\"@id\":\"https:\/\/moxx.be\/fr\/#website\",\"url\":\"https:\/\/moxx.be\/fr\/\",\"name\":\"MOXX\",\"description\":\"\",\"publisher\":{\"@id\":\"https:\/\/moxx.be\/fr\/#organization\"},\"potentialAction\":[{\"@type\":\"SearchAction\",\"target\":{\"@type\":\"EntryPoint\",\"urlTemplate\":\"https:\/\/moxx.be\/fr\/?s={search_term_string}\"},\"query-input\":{\"@type\":\"PropertyValueSpecification\",\"valueRequired\":true,\"valueName\":\"search_term_string\"}}],\"inLanguage\":\"fr-FR\"},{\"@type\":\"Organization\",\"@id\":\"https:\/\/moxx.be\/fr\/#organization\",\"name\":\"Moxx\",\"url\":\"https:\/\/moxx.be\/fr\/\",\"logo\":{\"@type\":\"ImageObject\",\"inLanguage\":\"fr-FR\",\"@id\":\"https:\/\/moxx.be\/fr\/#\/schema\/logo\/image\/\",\"url\":\"https:\/\/moxx.be\/wp-content\/uploads\/2022\/08\/Logo_Moxx_2021-min.png\",\"contentUrl\":\"https:\/\/moxx.be\/wp-content\/uploads\/2022\/08\/Logo_Moxx_2021-min.png\",\"width\":11338,\"height\":5669,\"caption\":\"Moxx\"},\"image\":{\"@id\":\"https:\/\/moxx.be\/fr\/#\/schema\/logo\/image\/\"}}]}<\/script>\n<!-- \/ Yoast SEO plugin. -->","yoast_head_json":{"title":"Actualit\u00e9 | MOXX","robots":{"index":"index","follow":"follow","max-snippet":"max-snippet:-1","max-image-preview":"max-image-preview:large","max-video-preview":"max-video-preview:-1"},"canonical":"https:\/\/moxx.be\/fr\/actualite\/","og_locale":"fr_FR","og_type":"article","og_title":"Actualit\u00e9 | MOXX","og_description":"RENDEZ-VOUS AU SALON BATIBOUW 2023 Venez nous rendre visite lors de la BATIBOUW dans le hall Patio, stand FLEX7 du 14 au 19 mars \u00e0 Brussels Expo. Toutes les informations sont consultables sur www.batibouw.com\/fr NOTRE DERNIER MOXX Afin de cr\u00e9er les modules de vie et de travail modernes de Moxx, nous avons construit un tout nouveau hall de production. Vous pouvez nous voir \u00e0 l\u2019\u0153uvre sur notre chantier de construction dans la Decauvillestraat \u00e0 Marke. Nous y construisons l&rsquo;unit\u00e9 Moxx que nous avons con\u00e7ue pour vous et avec vous, selon les normes en vigueur et enti\u00e8rement personnalis\u00e9e . RENDEZ-VOUS AU SALON BIS Venez nous rendre visite lors de la Bisbeurs dans le hall 1 du 8 au 16 octobre \u00e0 Flanders Expo Gent. Toutes les informations sont consultables sur www.bisbeurs.be","og_url":"https:\/\/moxx.be\/fr\/actualite\/","og_site_name":"MOXX","article_modified_time":"2023-03-13T06:45:33+00:00","og_image":[{"url":"https:\/\/moxx.be\/wp-content\/uploads\/2023\/03\/Ontwerp-zonder-titel.png","type":"","width":"","height":""}],"twitter_card":"summary_large_image","twitter_misc":{"Est. reading time":"2 minutes"},"schema":{"@context":"https:\/\/schema.org","@graph":[{"@type":"WebPage","@id":"https:\/\/moxx.be\/fr\/actualite\/","url":"https:\/\/moxx.be\/fr\/actualite\/","name":"Actualit\u00e9 | MOXX","isPartOf":{"@id":"https:\/\/moxx.be\/fr\/#website"},"primaryImageOfPage":{"@id":"https:\/\/moxx.be\/fr\/actualite\/#primaryimage"},"image":{"@id":"https:\/\/moxx.be\/fr\/actualite\/#primaryimage"},"thumbnailUrl":"https:\/\/moxx.be\/wp-content\/uploads\/2023\/03\/Ontwerp-zonder-titel.png","datePublished":"2022-08-03T18:54:26+00:00","dateModified":"2023-03-13T06:45:33+00:00","breadcrumb":{"@id":"https:\/\/moxx.be\/fr\/actualite\/#breadcrumb"},"inLanguage":"fr-FR","potentialAction":[{"@type":"ReadAction","target":["https:\/\/moxx.be\/fr\/actualite\/"]}]},{"@type":"ImageObject","inLanguage":"fr-FR","@id":"https:\/\/moxx.be\/fr\/actualite\/#primaryimage","url":"https:\/\/moxx.be\/wp-content\/uploads\/2023\/03\/Ontwerp-zonder-titel.png","contentUrl":"https:\/\/moxx.be\/wp-content\/uploads\/2023\/03\/Ontwerp-zonder-titel.png"},{"@type":"BreadcrumbList","@id":"https:\/\/moxx.be\/fr\/actualite\/#breadcrumb","itemListElement":[{"@type":"ListItem","position":1,"name":"Home","item":"https:\/\/moxx.be\/fr\/"},{"@type":"ListItem","position":2,"name":"Actualit\u00e9"}]},{"@type":"WebSite","@id":"https:\/\/moxx.be\/fr\/#website","url":"https:\/\/moxx.be\/fr\/","name":"MOXX","description":"","publisher":{"@id":"https:\/\/moxx.be\/fr\/#organization"},"potentialAction":[{"@type":"SearchAction","target":{"@type":"EntryPoint","urlTemplate":"https:\/\/moxx.be\/fr\/?s={search_term_string}"},"query-input":{"@type":"PropertyValueSpecification","valueRequired":true,"valueName":"search_term_string"}}],"inLanguage":"fr-FR"},{"@type":"Organization","@id":"https:\/\/moxx.be\/fr\/#organization","name":"Moxx","url":"https:\/\/moxx.be\/fr\/","logo":{"@type":"ImageObject","inLanguage":"fr-FR","@id":"https:\/\/moxx.be\/fr\/#\/schema\/logo\/image\/","url":"https:\/\/moxx.be\/wp-content\/uploads\/2022\/08\/Logo_Moxx_2021-min.png","contentUrl":"https:\/\/moxx.be\/wp-content\/uploads\/2022\/08\/Logo_Moxx_2021-min.png","width":11338,"height":5669,"caption":"Moxx"},"image":{"@id":"https:\/\/moxx.be\/fr\/#\/schema\/logo\/image\/"}}]}},"_links":{"self":[{"href":"https:\/\/moxx.be\/fr\/wp-json\/wp\/v2\/pages\/4662","targetHints":{"allow":["GET"]}}],"collection":[{"href":"https:\/\/moxx.be\/fr\/wp-json\/wp\/v2\/pages"}],"about":[{"href":"https:\/\/moxx.be\/fr\/wp-json\/wp\/v2\/types\/page"}],"author":[{"embeddable":true,"href":"https:\/\/moxx.be\/fr\/wp-json\/wp\/v2\/users\/1"}],"replies":[{"embeddable":true,"href":"https:\/\/moxx.be\/fr\/wp-json\/wp\/v2\/comments?post=4662"}],"version-history":[{"count":4,"href":"https:\/\/moxx.be\/fr\/wp-json\/wp\/v2\/pages\/4662\/revisions"}],"predecessor-version":[{"id":4773,"href":"https:\/\/moxx.be\/fr\/wp-json\/wp\/v2\/pages\/4662\/revisions\/4773"}],"wp:attachment":[{"href":"https:\/\/moxx.be\/fr\/wp-json\/wp\/v2\/media?parent=4662"}],"curies":[{"name":"wp","href":"https:\/\/api.w.org\/{rel}","templated":true}]}}